{"id":11,"date":"2023-02-28T22:54:17","date_gmt":"2023-02-28T18:54:17","guid":{"rendered":"https:\/\/www.web-build.re\/agence-reunionnaise\/?page_id=11"},"modified":"2024-02-29T12:06:39","modified_gmt":"2024-02-29T08:06:39","slug":"blog","status":"publish","type":"page","link":"https:\/\/www.web-build.re\/agence-reunionnaise\/","title":{"rendered":"Blog"},"content":{"rendered":"<p>[et_pb_section fb_built=\u00a0\u00bb1&Prime; _builder_version=\u00a0\u00bb4.24.0&Prime; _module_preset=\u00a0\u00bbdefault\u00a0\u00bb background_color=\u00a0\u00bbRGBA(255,255,255,0)\u00a0\u00bb global_colors_info=\u00a0\u00bb{}\u00a0\u00bb][et_pb_row _builder_version=\u00a0\u00bb4.24.0&Prime; _module_preset=\u00a0\u00bbdefault\u00a0\u00bb hover_enabled=\u00a0\u00bb0&Prime; global_colors_info=\u00a0\u00bb{}\u00a0\u00bb sticky_enabled=\u00a0\u00bb0&Prime;][et_pb_column type=\u00a0\u00bb4_4&Prime; _builder_version=\u00a0\u00bb4.24.0&Prime; _module_preset=\u00a0\u00bbdefault\u00a0\u00bb global_colors_info=\u00a0\u00bb{}\u00a0\u00bb][et_pb_blog fullwidth=\u00a0\u00bboff\u00a0\u00bb posts_number=\u00a0\u00bb50&Prime; show_more=\u00a0\u00bbon\u00a0\u00bb show_author=\u00a0\u00bboff\u00a0\u00bb show_date=\u00a0\u00bboff\u00a0\u00bb show_categories=\u00a0\u00bboff\u00a0\u00bb module_id=\u00a0\u00bbblog_web-build\u00a0\u00bb _builder_version=\u00a0\u00bb4.24.0&Prime; _module_preset=\u00a0\u00bbdefault\u00a0\u00bb header_font=\u00a0\u00bbweb-build-text|700|||||||\u00a0\u00bb header_line_height=\u00a0\u00bb1.1em\u00a0\u00bb read_more_font_size=\u00a0\u00bb18px\u00a0\u00bb read_more_line_height=\u00a0\u00bb2em\u00a0\u00bb background_color=\u00a0\u00bbRGBA(255,255,255,0)\u00a0\u00bb hover_enabled=\u00a0\u00bb0&Prime; border_width_all=\u00a0\u00bb0px\u00a0\u00bb global_colors_info=\u00a0\u00bb{}\u00a0\u00bb sticky_enabled=\u00a0\u00bb0&Prime;][\/et_pb_blog][\/et_pb_column][\/et_pb_row][\/et_pb_section]<\/p>\n","protected":false},"excerpt":{"rendered":"","protected":false},"author":1,"featured_media":0,"parent":0,"menu_order":0,"comment_status":"closed","ping_status":"closed","template":"","meta":{"_et_pb_use_builder":"on","_et_pb_old_content":"","_et_gb_content_width":"","footnotes":""},"class_list":["post-11","page","type-page","status-publish","hentry"],"yoast_head":"<!-- This site is optimized with the Yoast SEO Premium plugin v22.0 (Yoast SEO v22.0) - https:\/\/yoast.com\/wordpress\/plugins\/seo\/ -->\n<title>Blog - Web-build<\/title>\n<meta name=\"description\" content=\"D\u00e9couvrez comment Web-Build.re, votre agence web sp\u00e9cialis\u00e9e \u00e0 l&#039;\u00eele de la R\u00e9union, peut transformer votre pr\u00e9sence en ligne\" \/>\n<meta name=\"robots\" content=\"index, follow, max-snippet:-1, max-image-preview:large, max-video-preview:-1\" \/>\n<link rel=\"canonical\" href=\"https:\/\/www.web-build.re\/agence-reunionnaise\/\" \/>\n<meta property=\"og:locale\" content=\"fr_FR\" \/>\n<meta property=\"og:type\" content=\"article\" \/>\n<meta property=\"og:title\" content=\"Blog\" \/>\n<meta property=\"og:description\" content=\"D\u00e9couvrez comment Web-Build.re, votre agence web sp\u00e9cialis\u00e9e \u00e0 l&#039;\u00eele de la R\u00e9union, peut transformer votre pr\u00e9sence en ligne\" \/>\n<meta property=\"og:url\" content=\"https:\/\/www.web-build.re\/agence-reunionnaise\/\" \/>\n<meta property=\"og:site_name\" content=\"Web-build\" \/>\n<meta property=\"article:publisher\" content=\"https:\/\/www.facebook.com\/profile.php?id=100087239706196\" \/>\n<meta property=\"article:modified_time\" content=\"2024-02-29T08:06:39+00:00\" \/>\n<meta name=\"twitter:card\" content=\"summary_large_image\" \/>\n<meta name=\"twitter:label1\" content=\"Dur\u00e9e de lecture estim\u00e9e\" \/>\n\t<meta name=\"twitter:data1\" content=\"5 minutes\" \/>\n<script type=\"application\/ld+json\" class=\"yoast-schema-graph\">{\"@context\":\"https:\/\/schema.org\",\"@graph\":[{\"@type\":\"WebPage\",\"@id\":\"https:\/\/www.web-build.re\/agence-reunionnaise\/\",\"url\":\"https:\/\/www.web-build.re\/agence-reunionnaise\/\",\"name\":\"Blog - Web-build\",\"isPartOf\":{\"@id\":\"https:\/\/www.web-build.re\/agence-reunionnaise\/#website\"},\"datePublished\":\"2023-02-28T18:54:17+00:00\",\"dateModified\":\"2024-02-29T08:06:39+00:00\",\"description\":\"D\u00e9couvrez comment Web-Build.re, votre agence web sp\u00e9cialis\u00e9e \u00e0 l'\u00eele de la R\u00e9union, peut transformer votre pr\u00e9sence en ligne\",\"breadcrumb\":{\"@id\":\"https:\/\/www.web-build.re\/agence-reunionnaise\/#breadcrumb\"},\"inLanguage\":\"fr-FR\",\"potentialAction\":[{\"@type\":\"ReadAction\",\"target\":[\"https:\/\/www.web-build.re\/agence-reunionnaise\/\"]}]},{\"@type\":\"BreadcrumbList\",\"@id\":\"https:\/\/www.web-build.re\/agence-reunionnaise\/#breadcrumb\",\"itemListElement\":[{\"@type\":\"ListItem\",\"position\":1,\"name\":\"Accueil\",\"item\":\"https:\/\/www.web-build.re\/agence-reunionnaise\/\"},{\"@type\":\"ListItem\",\"position\":2,\"name\":\"Blog\"}]},{\"@type\":\"WebSite\",\"@id\":\"https:\/\/www.web-build.re\/agence-reunionnaise\/#website\",\"url\":\"https:\/\/www.web-build.re\/agence-reunionnaise\/\",\"name\":\"Web-build\",\"description\":\"\",\"publisher\":{\"@id\":\"https:\/\/www.web-build.re\/agence-reunionnaise\/#organization\"},\"potentialAction\":[{\"@type\":\"SearchAction\",\"target\":{\"@type\":\"EntryPoint\",\"urlTemplate\":\"https:\/\/www.web-build.re\/agence-reunionnaise\/?s={search_term_string}\"},\"query-input\":\"required name=search_term_string\"}],\"inLanguage\":\"fr-FR\"},{\"@type\":\"Organization\",\"@id\":\"https:\/\/www.web-build.re\/agence-reunionnaise\/#organization\",\"name\":\"Web-build\",\"url\":\"https:\/\/www.web-build.re\/agence-reunionnaise\/\",\"logo\":{\"@type\":\"ImageObject\",\"inLanguage\":\"fr-FR\",\"@id\":\"https:\/\/www.web-build.re\/agence-reunionnaise\/#\/schema\/logo\/image\/\",\"url\":\"https:\/\/www.web-build.re\/agence-reunionnaise\/wp-content\/uploads\/2023\/04\/logo-linkedin.png\",\"contentUrl\":\"https:\/\/www.web-build.re\/agence-reunionnaise\/wp-content\/uploads\/2023\/04\/logo-linkedin.png\",\"width\":300,\"height\":300,\"caption\":\"Web-build\"},\"image\":{\"@id\":\"https:\/\/www.web-build.re\/agence-reunionnaise\/#\/schema\/logo\/image\/\"},\"sameAs\":[\"https:\/\/www.facebook.com\/profile.php?id=100087239706196\",\"https:\/\/www.instagram.com\/web_build.re\/\",\"https:\/\/www.linkedin.com\/company\/88634315\/admin\/\"]}]}<\/script>\n<!-- \/ Yoast SEO Premium plugin. -->","yoast_head_json":{"title":"Blog - Web-build","description":"D\u00e9couvrez comment Web-Build.re, votre agence web sp\u00e9cialis\u00e9e \u00e0 l'\u00eele de la R\u00e9union, peut transformer votre pr\u00e9sence en ligne","robots":{"index":"index","follow":"follow","max-snippet":"max-snippet:-1","max-image-preview":"max-image-preview:large","max-video-preview":"max-video-preview:-1"},"canonical":"https:\/\/www.web-build.re\/agence-reunionnaise\/","og_locale":"fr_FR","og_type":"article","og_title":"Blog","og_description":"D\u00e9couvrez comment Web-Build.re, votre agence web sp\u00e9cialis\u00e9e \u00e0 l'\u00eele de la R\u00e9union, peut transformer votre pr\u00e9sence en ligne","og_url":"https:\/\/www.web-build.re\/agence-reunionnaise\/","og_site_name":"Web-build","article_publisher":"https:\/\/www.facebook.com\/profile.php?id=100087239706196","article_modified_time":"2024-02-29T08:06:39+00:00","twitter_card":"summary_large_image","twitter_misc":{"Dur\u00e9e de lecture estim\u00e9e":"5 minutes"},"schema":{"@context":"https:\/\/schema.org","@graph":[{"@type":"WebPage","@id":"https:\/\/www.web-build.re\/agence-reunionnaise\/","url":"https:\/\/www.web-build.re\/agence-reunionnaise\/","name":"Blog - Web-build","isPartOf":{"@id":"https:\/\/www.web-build.re\/agence-reunionnaise\/#website"},"datePublished":"2023-02-28T18:54:17+00:00","dateModified":"2024-02-29T08:06:39+00:00","description":"D\u00e9couvrez comment Web-Build.re, votre agence web sp\u00e9cialis\u00e9e \u00e0 l'\u00eele de la R\u00e9union, peut transformer votre pr\u00e9sence en ligne","breadcrumb":{"@id":"https:\/\/www.web-build.re\/agence-reunionnaise\/#breadcrumb"},"inLanguage":"fr-FR","potentialAction":[{"@type":"ReadAction","target":["https:\/\/www.web-build.re\/agence-reunionnaise\/"]}]},{"@type":"BreadcrumbList","@id":"https:\/\/www.web-build.re\/agence-reunionnaise\/#breadcrumb","itemListElement":[{"@type":"ListItem","position":1,"name":"Accueil","item":"https:\/\/www.web-build.re\/agence-reunionnaise\/"},{"@type":"ListItem","position":2,"name":"Blog"}]},{"@type":"WebSite","@id":"https:\/\/www.web-build.re\/agence-reunionnaise\/#website","url":"https:\/\/www.web-build.re\/agence-reunionnaise\/","name":"Web-build","description":"","publisher":{"@id":"https:\/\/www.web-build.re\/agence-reunionnaise\/#organization"},"potentialAction":[{"@type":"SearchAction","target":{"@type":"EntryPoint","urlTemplate":"https:\/\/www.web-build.re\/agence-reunionnaise\/?s={search_term_string}"},"query-input":"required name=search_term_string"}],"inLanguage":"fr-FR"},{"@type":"Organization","@id":"https:\/\/www.web-build.re\/agence-reunionnaise\/#organization","name":"Web-build","url":"https:\/\/www.web-build.re\/agence-reunionnaise\/","logo":{"@type":"ImageObject","inLanguage":"fr-FR","@id":"https:\/\/www.web-build.re\/agence-reunionnaise\/#\/schema\/logo\/image\/","url":"https:\/\/www.web-build.re\/agence-reunionnaise\/wp-content\/uploads\/2023\/04\/logo-linkedin.png","contentUrl":"https:\/\/www.web-build.re\/agence-reunionnaise\/wp-content\/uploads\/2023\/04\/logo-linkedin.png","width":300,"height":300,"caption":"Web-build"},"image":{"@id":"https:\/\/www.web-build.re\/agence-reunionnaise\/#\/schema\/logo\/image\/"},"sameAs":["https:\/\/www.facebook.com\/profile.php?id=100087239706196","https:\/\/www.instagram.com\/web_build.re\/","https:\/\/www.linkedin.com\/company\/88634315\/admin\/"]}]}},"_links":{"self":[{"href":"https:\/\/www.web-build.re\/agence-reunionnaise\/wp-json\/wp\/v2\/pages\/11","targetHints":{"allow":["GET"]}}],"collection":[{"href":"https:\/\/www.web-build.re\/agence-reunionnaise\/wp-json\/wp\/v2\/pages"}],"about":[{"href":"https:\/\/www.web-build.re\/agence-reunionnaise\/wp-json\/wp\/v2\/types\/page"}],"author":[{"embeddable":true,"href":"https:\/\/www.web-build.re\/agence-reunionnaise\/wp-json\/wp\/v2\/users\/1"}],"replies":[{"embeddable":true,"href":"https:\/\/www.web-build.re\/agence-reunionnaise\/wp-json\/wp\/v2\/comments?post=11"}],"version-history":[{"count":10,"href":"https:\/\/www.web-build.re\/agence-reunionnaise\/wp-json\/wp\/v2\/pages\/11\/revisions"}],"predecessor-version":[{"id":329,"href":"https:\/\/www.web-build.re\/agence-reunionnaise\/wp-json\/wp\/v2\/pages\/11\/revisions\/329"}],"wp:attachment":[{"href":"https:\/\/www.web-build.re\/agence-reunionnaise\/wp-json\/wp\/v2\/media?parent=11"}],"curies":[{"name":"wp","href":"https:\/\/api.w.org\/{rel}","templated":true}]}}